{"id":339,"date":"2021-03-06T19:33:55","date_gmt":"2021-03-06T19:33:55","guid":{"rendered":"http:\/\/physio-mews-marburger.de\/?page_id=339"},"modified":"2021-03-21T17:46:22","modified_gmt":"2021-03-21T17:46:22","slug":"ueber-uns","status":"publish","type":"page","link":"https:\/\/physio-mews-marburger.de\/?page_id=339","title":{"rendered":""},"content":{"rendered":"\n<p class=\"has-text-align-center has-large-font-size\">\u00dcber uns<\/p>\n\n\n\n<p>Wir sind ein bunt gemischtes Team, f\u00fcr das ein positives, lustiges und entspanntes Arbeitsklima einen wichtigen Baustein unserer Arbeit ausmacht. Denn gute Laune im Therapeutenteam sorgt auch f\u00fcr eine positive Stimmung bei unseren Patienten. <br>Ihre Gesundheit ist uns wichtig. Daher sind wir st\u00e4ndig auf der Suche nach neuen kreativen Ideen, die auch mal \u00fcber den Tellerrand hinaus gehen. Unterschiedliche Qualifikationen und Erfahrungswerte erm\u00f6glichen es uns, Sie auf dem Weg der Genesung individuell zu unterst\u00fctzen.<br><strong>PunctuM Mobile<\/strong> &#8211; Der bewegte Punkt (Anteil), ist nicht nur der Kerngedanke in unserem Verst\u00e4ndnis einer nachhaltigen physiotherapeutischen Arbeitsweise, sondern auch die Motivation jedes Therapeuten, sich weiter zu entwickeln und neue Ideen in den Therapiealltag einzubringen.<\/p>\n\n\n\n<figure class=\"wp-block-image size-large\"><img decoding=\"async\" loading=\"lazy\" width=\"1024\" height=\"768\" src=\"http:\/\/physio-mews-marburger.de\/wp-content\/uploads\/2020\/08\/Team-1024x768.jpg\" alt=\"\" class=\"wp-image-270\" srcset=\"https:\/\/physio-mews-marburger.de\/wp-content\/uploads\/2020\/08\/Team-1024x768.jpg 1024w, https:\/\/physio-mews-marburger.de\/wp-content\/uploads\/2020\/08\/Team-300x225.jpg 300w, https:\/\/physio-mews-marburger.de\/wp-content\/uploads\/2020\/08\/Team-768x576.jpg 768w, https:\/\/physio-mews-marburger.de\/wp-content\/uploads\/2020\/08\/Team-1536x1152.jpg 1536w, https:\/\/physio-mews-marburger.de\/wp-content\/uploads\/2020\/08\/Team-2048x1536.jpg 2048w, https:\/\/physio-mews-marburger.de\/wp-content\/uploads\/2020\/08\/Team-155x116.jpg 155w\" sizes=\"(max-width: 767px) 89vw, (max-width: 1000px) 54vw, (max-width: 1071px) 543px, 580px\" \/><\/figure>\n","protected":false},"excerpt":{"rendered":"<p>\u00dcber uns Wir sind ein bunt gemischtes Team, f\u00fcr das ein positives, lustiges und entspanntes Arbeitsklima einen wichtigen Baustein unserer Arbeit ausmacht. Denn gute Laune im Therapeutenteam sorgt auch f\u00fcr eine positive Stimmung bei unseren Patienten. Ihre Gesundheit ist uns wichtig. Daher sind wir st\u00e4ndig auf der Suche nach neuen kreativen Ideen, die auch mal &hellip; <\/p>\n<p class=\"link-more\"><a href=\"https:\/\/physio-mews-marburger.de\/?page_id=339\" class=\"more-link\"><span class=\"screen-reader-text\">\u201e\u201c<\/span> weiterlesen<\/a><\/p>\n","protected":false},"author":3,"featured_media":0,"parent":0,"menu_order":0,"comment_status":"closed","ping_status":"open","template":"","meta":[],"yoast_head":"<!-- This site is optimized with the Yoast SEO plugin v19.10 - https:\/\/yoast.com\/wordpress\/plugins\/seo\/ -->\n<title>- PunctuM Mobile<\/title>\n<meta name=\"description\" content=\"\u00dcber uns Wir sind ein bunt gemischtes Team, f\u00fcr das ein positives, lustiges und entspanntes Arbeitsklima einen wichtigen Baustein unserer Arbeit ausmacht. Denn gute Laune im Therapeutenteam sorgt auch f\u00fcr eine positive Stimmung bei unseren Patienten. Ihre Gesundheit ist uns wichtig. Daher sind wir st\u00e4ndig auf der Suche nach neuen kreativen Ideen, die auch mal &hellip; \u201e\u201c weiterlesen\" \/>\n<meta name=\"robots\" content=\"index, follow, max-snippet:-1, max-image-preview:large, max-video-preview:-1\" \/>\n<link rel=\"canonical\" href=\"https:\/\/physio-mews-marburger.de\/?page_id=339\" \/>\n<meta property=\"og:locale\" content=\"de_DE\" \/>\n<meta property=\"og:type\" content=\"article\" \/>\n<meta property=\"og:title\" content=\"- PunctuM Mobile\" \/>\n<meta property=\"og:description\" content=\"\u00dcber uns Wir sind ein bunt gemischtes Team, f\u00fcr das ein positives, lustiges und entspanntes Arbeitsklima einen wichtigen Baustein unserer Arbeit ausmacht. Denn gute Laune im Therapeutenteam sorgt auch f\u00fcr eine positive Stimmung bei unseren Patienten. Ihre Gesundheit ist uns wichtig. Daher sind wir st\u00e4ndig auf der Suche nach neuen kreativen Ideen, die auch mal &hellip; \u201e\u201c weiterlesen\" \/>\n<meta property=\"og:url\" content=\"https:\/\/physio-mews-marburger.de\/?page_id=339\" \/>\n<meta property=\"og:site_name\" content=\"PunctuM Mobile\" \/>\n<meta property=\"article:modified_time\" content=\"2021-03-21T17:46:22+00:00\" \/>\n<meta property=\"og:image\" content=\"http:\/\/physio-mews-marburger.de\/wp-content\/uploads\/2020\/08\/Team-1024x768.jpg\" \/>\n<meta name=\"twitter:card\" content=\"summary_large_image\" \/>\n<meta name=\"twitter:label1\" content=\"Gesch\u00e4tzte Lesezeit\" \/>\n\t<meta name=\"twitter:data1\" content=\"1\u00a0Minute\" \/>\n<script type=\"application\/ld+json\" class=\"yoast-schema-graph\">{\"@context\":\"https:\/\/schema.org\",\"@graph\":[{\"@type\":\"WebPage\",\"@id\":\"https:\/\/physio-mews-marburger.de\/?page_id=339\",\"url\":\"https:\/\/physio-mews-marburger.de\/?page_id=339\",\"name\":\"- PunctuM Mobile\",\"isPartOf\":{\"@id\":\"https:\/\/physio-mews-marburger.de\/#website\"},\"datePublished\":\"2021-03-06T19:33:55+00:00\",\"dateModified\":\"2021-03-21T17:46:22+00:00\",\"inLanguage\":\"de\",\"potentialAction\":[{\"@type\":\"ReadAction\",\"target\":[\"https:\/\/physio-mews-marburger.de\/?page_id=339\"]}]},{\"@type\":\"WebSite\",\"@id\":\"https:\/\/physio-mews-marburger.de\/#website\",\"url\":\"https:\/\/physio-mews-marburger.de\/\",\"name\":\"PunctuM Mobile\",\"description\":\"Praxis f\u00fcr Physiotherapie\",\"potentialAction\":[{\"@type\":\"SearchAction\",\"target\":{\"@type\":\"EntryPoint\",\"urlTemplate\":\"https:\/\/physio-mews-marburger.de\/?s={search_term_string}\"},\"query-input\":\"required name=search_term_string\"}],\"inLanguage\":\"de\"}]}<\/script>\n<!-- \/ Yoast SEO plugin. -->","yoast_head_json":{"title":"- PunctuM Mobile","description":"\u00dcber uns Wir sind ein bunt gemischtes Team, f\u00fcr das ein positives, lustiges und entspanntes Arbeitsklima einen wichtigen Baustein unserer Arbeit ausmacht. Denn gute Laune im Therapeutenteam sorgt auch f\u00fcr eine positive Stimmung bei unseren Patienten. Ihre Gesundheit ist uns wichtig. Daher sind wir st\u00e4ndig auf der Suche nach neuen kreativen Ideen, die auch mal &hellip; \u201e\u201c weiterlesen","robots":{"index":"index","follow":"follow","max-snippet":"max-snippet:-1","max-image-preview":"max-image-preview:large","max-video-preview":"max-video-preview:-1"},"canonical":"https:\/\/physio-mews-marburger.de\/?page_id=339","og_locale":"de_DE","og_type":"article","og_title":"- PunctuM Mobile","og_description":"\u00dcber uns Wir sind ein bunt gemischtes Team, f\u00fcr das ein positives, lustiges und entspanntes Arbeitsklima einen wichtigen Baustein unserer Arbeit ausmacht. Denn gute Laune im Therapeutenteam sorgt auch f\u00fcr eine positive Stimmung bei unseren Patienten. Ihre Gesundheit ist uns wichtig. Daher sind wir st\u00e4ndig auf der Suche nach neuen kreativen Ideen, die auch mal &hellip; \u201e\u201c weiterlesen","og_url":"https:\/\/physio-mews-marburger.de\/?page_id=339","og_site_name":"PunctuM Mobile","article_modified_time":"2021-03-21T17:46:22+00:00","og_image":[{"url":"http:\/\/physio-mews-marburger.de\/wp-content\/uploads\/2020\/08\/Team-1024x768.jpg"}],"twitter_card":"summary_large_image","twitter_misc":{"Gesch\u00e4tzte Lesezeit":"1\u00a0Minute"},"schema":{"@context":"https:\/\/schema.org","@graph":[{"@type":"WebPage","@id":"https:\/\/physio-mews-marburger.de\/?page_id=339","url":"https:\/\/physio-mews-marburger.de\/?page_id=339","name":"- PunctuM Mobile","isPartOf":{"@id":"https:\/\/physio-mews-marburger.de\/#website"},"datePublished":"2021-03-06T19:33:55+00:00","dateModified":"2021-03-21T17:46:22+00:00","inLanguage":"de","potentialAction":[{"@type":"ReadAction","target":["https:\/\/physio-mews-marburger.de\/?page_id=339"]}]},{"@type":"WebSite","@id":"https:\/\/physio-mews-marburger.de\/#website","url":"https:\/\/physio-mews-marburger.de\/","name":"PunctuM Mobile","description":"Praxis f\u00fcr Physiotherapie","potentialAction":[{"@type":"SearchAction","target":{"@type":"EntryPoint","urlTemplate":"https:\/\/physio-mews-marburger.de\/?s={search_term_string}"},"query-input":"required name=search_term_string"}],"inLanguage":"de"}]}},"_links":{"self":[{"href":"https:\/\/physio-mews-marburger.de\/index.php?rest_route=\/wp\/v2\/pages\/339"}],"collection":[{"href":"https:\/\/physio-mews-marburger.de\/index.php?rest_route=\/wp\/v2\/pages"}],"about":[{"href":"https:\/\/physio-mews-marburger.de\/index.php?rest_route=\/wp\/v2\/types\/page"}],"author":[{"embeddable":true,"href":"https:\/\/physio-mews-marburger.de\/index.php?rest_route=\/wp\/v2\/users\/3"}],"replies":[{"embeddable":true,"href":"https:\/\/physio-mews-marburger.de\/index.php?rest_route=%2Fwp%2Fv2%2Fcomments&post=339"}],"version-history":[{"count":4,"href":"https:\/\/physio-mews-marburger.de\/index.php?rest_route=\/wp\/v2\/pages\/339\/revisions"}],"predecessor-version":[{"id":394,"href":"https:\/\/physio-mews-marburger.de\/index.php?rest_route=\/wp\/v2\/pages\/339\/revisions\/394"}],"wp:attachment":[{"href":"https:\/\/physio-mews-marburger.de\/index.php?rest_route=%2Fwp%2Fv2%2Fmedia&parent=339"}],"curies":[{"name":"wp","href":"https:\/\/api.w.org\/{rel}","templated":true}]}}