{"id":14,"date":"2019-09-09T13:23:54","date_gmt":"2019-09-09T13:23:54","guid":{"rendered":"http:\/\/physio-mews-marburger.infinitec.services\/?page_id=14"},"modified":"2021-06-11T19:07:03","modified_gmt":"2021-06-11T19:07:03","slug":"praxisgeschichte","status":"publish","type":"page","link":"https:\/\/physio-mews-marburger.de\/?page_id=14","title":{"rendered":"Praxisgeschichte"},"content":{"rendered":"\n<figure class=\"wp-block-image size-full\"><img decoding=\"async\" loading=\"lazy\" width=\"2560\" height=\"1707\" src=\"http:\/\/physio-mews-marburger.de\/wp-content\/uploads\/2021\/03\/IMG_2670-scaled.jpg\" alt=\"\" class=\"wp-image-365\" srcset=\"https:\/\/physio-mews-marburger.de\/wp-content\/uploads\/2021\/03\/IMG_2670-scaled.jpg 2560w, https:\/\/physio-mews-marburger.de\/wp-content\/uploads\/2021\/03\/IMG_2670-300x200.jpg 300w, https:\/\/physio-mews-marburger.de\/wp-content\/uploads\/2021\/03\/IMG_2670-1024x683.jpg 1024w, https:\/\/physio-mews-marburger.de\/wp-content\/uploads\/2021\/03\/IMG_2670-768x512.jpg 768w, https:\/\/physio-mews-marburger.de\/wp-content\/uploads\/2021\/03\/IMG_2670-1536x1024.jpg 1536w, https:\/\/physio-mews-marburger.de\/wp-content\/uploads\/2021\/03\/IMG_2670-2048x1365.jpg 2048w, https:\/\/physio-mews-marburger.de\/wp-content\/uploads\/2021\/03\/IMG_2670-174x116.jpg 174w\" sizes=\"(max-width: 767px) 89vw, (max-width: 1000px) 54vw, (max-width: 1071px) 543px, 580px\" \/><\/figure>\n\n\n\n<p>Die Praxis \u201ePhysioaktiv\u201c wurde bereits im Jahr 1995 von Jaqueline Outermans und Katja L\u00fcckel in den R\u00e4umen in der Poststra\u00dfe 63 in Bad Berleburg gegr\u00fcndet. Im Jahr 2006 erfolgte die \u00dcbernahme der Praxis durch Markus Mews und im Sp\u00e4tsommer 2009  dann der Umzug in die R\u00e4ume im Bad Berleburger Bahnhofsgeb\u00e4ude. Nach erfolgreichen Verhandlungen mit dem Besitzer der R\u00e4umlichkeiten am Hinterst\u00f6ppel 4 fiel im Fr\u00fchjahr 2019 die Entscheidung f\u00fcr den Umzug. Somit kann die Praxis im Jahr 2020 auf 25 Jahre erfolgreiche und  kompetente Physiotherapie in Bad Berleburg und Umgebung  zur\u00fcck blicken.<\/p>\n","protected":false},"excerpt":{"rendered":"<p>Die Praxis \u201ePhysioaktiv\u201c wurde bereits im Jahr 1995 von Jaqueline Outermans und Katja L\u00fcckel in den R\u00e4umen in der Poststra\u00dfe 63 in Bad Berleburg gegr\u00fcndet. Im Jahr 2006 erfolgte die \u00dcbernahme der Praxis durch Markus Mews und im Sp\u00e4tsommer 2009 dann der Umzug in die R\u00e4ume im Bad Berleburger Bahnhofsgeb\u00e4ude. Nach erfolgreichen Verhandlungen mit dem &hellip; <\/p>\n<p class=\"link-more\"><a href=\"https:\/\/physio-mews-marburger.de\/?page_id=14\" class=\"more-link\"><span class=\"screen-reader-text\">\u201ePraxisgeschichte\u201c<\/span> weiterlesen<\/a><\/p>\n","protected":false},"author":1,"featured_media":0,"parent":0,"menu_order":0,"comment_status":"closed","ping_status":"closed","template":"","meta":[],"yoast_head":"<!-- This site is optimized with the Yoast SEO plugin v19.10 - https:\/\/yoast.com\/wordpress\/plugins\/seo\/ -->\n<title>Praxisgeschichte - PunctuM Mobile<\/title>\n<meta name=\"description\" content=\"Die Praxis \u201ePhysioaktiv\u201c wurde bereits im Jahr 1995 von Jaqueline Outermans und Katja L\u00fcckel in den R\u00e4umen in der Poststra\u00dfe 63 in Bad Berleburg gegr\u00fcndet. Im Jahr 2006 erfolgte die \u00dcbernahme der Praxis durch Markus Mews und im Sp\u00e4tsommer 2009 dann der Umzug in die R\u00e4ume im Bad Berleburger Bahnhofsgeb\u00e4ude. Nach erfolgreichen Verhandlungen mit dem &hellip; \u201ePraxisgeschichte\u201c weiterlesen\" \/>\n<meta name=\"robots\" content=\"index, follow, max-snippet:-1, max-image-preview:large, max-video-preview:-1\" \/>\n<link rel=\"canonical\" href=\"https:\/\/physio-mews-marburger.de\/?page_id=14\" \/>\n<meta property=\"og:locale\" content=\"de_DE\" \/>\n<meta property=\"og:type\" content=\"article\" \/>\n<meta property=\"og:title\" content=\"Praxisgeschichte - PunctuM Mobile\" \/>\n<meta property=\"og:description\" content=\"Die Praxis \u201ePhysioaktiv\u201c wurde bereits im Jahr 1995 von Jaqueline Outermans und Katja L\u00fcckel in den R\u00e4umen in der Poststra\u00dfe 63 in Bad Berleburg gegr\u00fcndet. Im Jahr 2006 erfolgte die \u00dcbernahme der Praxis durch Markus Mews und im Sp\u00e4tsommer 2009 dann der Umzug in die R\u00e4ume im Bad Berleburger Bahnhofsgeb\u00e4ude. Nach erfolgreichen Verhandlungen mit dem &hellip; \u201ePraxisgeschichte\u201c weiterlesen\" \/>\n<meta property=\"og:url\" content=\"https:\/\/physio-mews-marburger.de\/?page_id=14\" \/>\n<meta property=\"og:site_name\" content=\"PunctuM Mobile\" \/>\n<meta property=\"article:modified_time\" content=\"2021-06-11T19:07:03+00:00\" \/>\n<meta property=\"og:image\" content=\"http:\/\/physio-mews-marburger.de\/wp-content\/uploads\/2021\/03\/IMG_2670-scaled.jpg\" \/>\n<meta name=\"twitter:card\" content=\"summary_large_image\" \/>\n<meta name=\"twitter:label1\" content=\"Gesch\u00e4tzte Lesezeit\" \/>\n\t<meta name=\"twitter:data1\" content=\"1\u00a0Minute\" \/>\n<script type=\"application\/ld+json\" class=\"yoast-schema-graph\">{\"@context\":\"https:\/\/schema.org\",\"@graph\":[{\"@type\":\"WebPage\",\"@id\":\"https:\/\/physio-mews-marburger.de\/?page_id=14\",\"url\":\"https:\/\/physio-mews-marburger.de\/?page_id=14\",\"name\":\"Praxisgeschichte - PunctuM Mobile\",\"isPartOf\":{\"@id\":\"https:\/\/physio-mews-marburger.de\/#website\"},\"datePublished\":\"2019-09-09T13:23:54+00:00\",\"dateModified\":\"2021-06-11T19:07:03+00:00\",\"breadcrumb\":{\"@id\":\"https:\/\/physio-mews-marburger.de\/?page_id=14#breadcrumb\"},\"inLanguage\":\"de\",\"potentialAction\":[{\"@type\":\"ReadAction\",\"target\":[\"https:\/\/physio-mews-marburger.de\/?page_id=14\"]}]},{\"@type\":\"BreadcrumbList\",\"@id\":\"https:\/\/physio-mews-marburger.de\/?page_id=14#breadcrumb\",\"itemListElement\":[{\"@type\":\"ListItem\",\"position\":1,\"name\":\"Startseite\",\"item\":\"https:\/\/physio-mews-marburger.de\/\"},{\"@type\":\"ListItem\",\"position\":2,\"name\":\"Praxisgeschichte\"}]},{\"@type\":\"WebSite\",\"@id\":\"https:\/\/physio-mews-marburger.de\/#website\",\"url\":\"https:\/\/physio-mews-marburger.de\/\",\"name\":\"PunctuM Mobile\",\"description\":\"Praxis f\u00fcr Physiotherapie\",\"potentialAction\":[{\"@type\":\"SearchAction\",\"target\":{\"@type\":\"EntryPoint\",\"urlTemplate\":\"https:\/\/physio-mews-marburger.de\/?s={search_term_string}\"},\"query-input\":\"required name=search_term_string\"}],\"inLanguage\":\"de\"}]}<\/script>\n<!-- \/ Yoast SEO plugin. -->","yoast_head_json":{"title":"Praxisgeschichte - PunctuM Mobile","description":"Die Praxis \u201ePhysioaktiv\u201c wurde bereits im Jahr 1995 von Jaqueline Outermans und Katja L\u00fcckel in den R\u00e4umen in der Poststra\u00dfe 63 in Bad Berleburg gegr\u00fcndet. Im Jahr 2006 erfolgte die \u00dcbernahme der Praxis durch Markus Mews und im Sp\u00e4tsommer 2009 dann der Umzug in die R\u00e4ume im Bad Berleburger Bahnhofsgeb\u00e4ude. Nach erfolgreichen Verhandlungen mit dem &hellip; \u201ePraxisgeschichte\u201c weiterlesen","robots":{"index":"index","follow":"follow","max-snippet":"max-snippet:-1","max-image-preview":"max-image-preview:large","max-video-preview":"max-video-preview:-1"},"canonical":"https:\/\/physio-mews-marburger.de\/?page_id=14","og_locale":"de_DE","og_type":"article","og_title":"Praxisgeschichte - PunctuM Mobile","og_description":"Die Praxis \u201ePhysioaktiv\u201c wurde bereits im Jahr 1995 von Jaqueline Outermans und Katja L\u00fcckel in den R\u00e4umen in der Poststra\u00dfe 63 in Bad Berleburg gegr\u00fcndet. Im Jahr 2006 erfolgte die \u00dcbernahme der Praxis durch Markus Mews und im Sp\u00e4tsommer 2009 dann der Umzug in die R\u00e4ume im Bad Berleburger Bahnhofsgeb\u00e4ude. Nach erfolgreichen Verhandlungen mit dem &hellip; \u201ePraxisgeschichte\u201c weiterlesen","og_url":"https:\/\/physio-mews-marburger.de\/?page_id=14","og_site_name":"PunctuM Mobile","article_modified_time":"2021-06-11T19:07:03+00:00","og_image":[{"url":"http:\/\/physio-mews-marburger.de\/wp-content\/uploads\/2021\/03\/IMG_2670-scaled.jpg"}],"twitter_card":"summary_large_image","twitter_misc":{"Gesch\u00e4tzte Lesezeit":"1\u00a0Minute"},"schema":{"@context":"https:\/\/schema.org","@graph":[{"@type":"WebPage","@id":"https:\/\/physio-mews-marburger.de\/?page_id=14","url":"https:\/\/physio-mews-marburger.de\/?page_id=14","name":"Praxisgeschichte - PunctuM Mobile","isPartOf":{"@id":"https:\/\/physio-mews-marburger.de\/#website"},"datePublished":"2019-09-09T13:23:54+00:00","dateModified":"2021-06-11T19:07:03+00:00","breadcrumb":{"@id":"https:\/\/physio-mews-marburger.de\/?page_id=14#breadcrumb"},"inLanguage":"de","potentialAction":[{"@type":"ReadAction","target":["https:\/\/physio-mews-marburger.de\/?page_id=14"]}]},{"@type":"BreadcrumbList","@id":"https:\/\/physio-mews-marburger.de\/?page_id=14#breadcrumb","itemListElement":[{"@type":"ListItem","position":1,"name":"Startseite","item":"https:\/\/physio-mews-marburger.de\/"},{"@type":"ListItem","position":2,"name":"Praxisgeschichte"}]},{"@type":"WebSite","@id":"https:\/\/physio-mews-marburger.de\/#website","url":"https:\/\/physio-mews-marburger.de\/","name":"PunctuM Mobile","description":"Praxis f\u00fcr Physiotherapie","potentialAction":[{"@type":"SearchAction","target":{"@type":"EntryPoint","urlTemplate":"https:\/\/physio-mews-marburger.de\/?s={search_term_string}"},"query-input":"required name=search_term_string"}],"inLanguage":"de"}]}},"_links":{"self":[{"href":"https:\/\/physio-mews-marburger.de\/index.php?rest_route=\/wp\/v2\/pages\/14"}],"collection":[{"href":"https:\/\/physio-mews-marburger.de\/index.php?rest_route=\/wp\/v2\/pages"}],"about":[{"href":"https:\/\/physio-mews-marburger.de\/index.php?rest_route=\/wp\/v2\/types\/page"}],"author":[{"embeddable":true,"href":"https:\/\/physio-mews-marburger.de\/index.php?rest_route=\/wp\/v2\/users\/1"}],"replies":[{"embeddable":true,"href":"https:\/\/physio-mews-marburger.de\/index.php?rest_route=%2Fwp%2Fv2%2Fcomments&post=14"}],"version-history":[{"count":10,"href":"https:\/\/physio-mews-marburger.de\/index.php?rest_route=\/wp\/v2\/pages\/14\/revisions"}],"predecessor-version":[{"id":412,"href":"https:\/\/physio-mews-marburger.de\/index.php?rest_route=\/wp\/v2\/pages\/14\/revisions\/412"}],"wp:attachment":[{"href":"https:\/\/physio-mews-marburger.de\/index.php?rest_route=%2Fwp%2Fv2%2Fmedia&parent=14"}],"curies":[{"name":"wp","href":"https:\/\/api.w.org\/{rel}","templated":true}]}}